{"id":17,"date":"2024-10-09T22:22:11","date_gmt":"2024-10-09T20:22:11","guid":{"rendered":"https:\/\/www.hjertedame.no\/?post_type=product&#038;p=17"},"modified":"2024-10-09T22:25:53","modified_gmt":"2024-10-09T20:25:53","slug":"gladvotten","status":"publish","type":"product","link":"https:\/\/www.hjertedame.no\/?product=gladvotten","title":{"rendered":"Gladvotten"},"content":{"rendered":"<p>M\u00f8nsteret er enkelt, og du kan lage egne varianter av m\u00f8nsteret og variere uttrykket i mange retninger. Lag egne sm\u00e5 m\u00f8nstre med rapport p\u00e5 4 masker, s\u00e5 f\u00e5r du helt nye votter.<\/p>\n","protected":false},"excerpt":{"rendered":"<p>Enkelt m\u00f8nster<\/p>\n","protected":false},"featured_media":19,"comment_status":"open","ping_status":"closed","template":"","meta":[],"product_brand":[],"product_cat":[17],"product_tag":[18],"class_list":{"0":"post-17","1":"product","2":"type-product","3":"status-publish","4":"has-post-thumbnail","6":"product_cat-votter","7":"product_tag-votter","9":"first","10":"instock","11":"downloadable","12":"virtual","13":"taxable","14":"purchasable","15":"product-type-simple"},"_links":{"self":[{"href":"https:\/\/www.hjertedame.no\/index.php?rest_route=\/wp\/v2\/product\/17","targetHints":{"allow":["GET"]}}],"collection":[{"href":"https:\/\/www.hjertedame.no\/index.php?rest_route=\/wp\/v2\/product"}],"about":[{"href":"https:\/\/www.hjertedame.no\/index.php?rest_route=\/wp\/v2\/types\/product"}],"replies":[{"embeddable":true,"href":"https:\/\/www.hjertedame.no\/index.php?rest_route=%2Fwp%2Fv2%2Fcomments&post=17"}],"wp:featuredmedia":[{"embeddable":true,"href":"https:\/\/www.hjertedame.no\/index.php?rest_route=\/wp\/v2\/media\/19"}],"wp:attachment":[{"href":"https:\/\/www.hjertedame.no\/index.php?rest_route=%2Fwp%2Fv2%2Fmedia&parent=17"}],"wp:term":[{"taxonomy":"product_brand","embeddable":true,"href":"https:\/\/www.hjertedame.no\/index.php?rest_route=%2Fwp%2Fv2%2Fproduct_brand&post=17"},{"taxonomy":"product_cat","embeddable":true,"href":"https:\/\/www.hjertedame.no\/index.php?rest_route=%2Fwp%2Fv2%2Fproduct_cat&post=17"},{"taxonomy":"product_tag","embeddable":true,"href":"https:\/\/www.hjertedame.no\/index.php?rest_route=%2Fwp%2Fv2%2Fproduct_tag&post=17"}],"curies":[{"name":"wp","href":"https:\/\/api.w.org\/{rel}","templated":true}]}}