{"id":33,"date":"2024-10-09T22:39:51","date_gmt":"2024-10-09T20:39:51","guid":{"rendered":"https:\/\/www.hjertedame.no\/?post_type=product&#038;p=33"},"modified":"2024-10-09T22:39:51","modified_gmt":"2024-10-09T20:39:51","slug":"hjertevotter","status":"publish","type":"product","link":"https:\/\/www.hjertedame.no\/?product=hjertevotter","title":{"rendered":"Hjertevotter"},"content":{"rendered":"<p>Hjertem\u00f8nsteret er strikket, men fargene i votten er brodert med maskesting. Om du \u00f8nsker m\u00f8nsteret, m\u00e5 du registrere deg (som om du skulle kj\u00f8pe noe &#8211; men uten \u00e5 betale), f\u00e5r du tilgang til \u00e5 laste ned m\u00f8nsteret.<\/p>\n<p>N\u00e5r du har g\u00e5tt gjennom prosessen f\u00e5r du en mail med instruksjoner for \u00e5 laste ned.<\/p>\n","protected":false},"excerpt":{"rendered":"<p>GRATIS Oppskrift!<\/p>\n","protected":false},"featured_media":30,"comment_status":"open","ping_status":"closed","template":"","meta":[],"product_brand":[],"product_cat":[17],"product_tag":[],"class_list":{"0":"post-33","1":"product","2":"type-product","3":"status-publish","4":"has-post-thumbnail","6":"product_cat-votter","8":"first","9":"instock","10":"downloadable","11":"virtual","12":"taxable","13":"purchasable","14":"product-type-simple"},"_links":{"self":[{"href":"https:\/\/www.hjertedame.no\/index.php?rest_route=\/wp\/v2\/product\/33","targetHints":{"allow":["GET"]}}],"collection":[{"href":"https:\/\/www.hjertedame.no\/index.php?rest_route=\/wp\/v2\/product"}],"about":[{"href":"https:\/\/www.hjertedame.no\/index.php?rest_route=\/wp\/v2\/types\/product"}],"replies":[{"embeddable":true,"href":"https:\/\/www.hjertedame.no\/index.php?rest_route=%2Fwp%2Fv2%2Fcomments&post=33"}],"wp:featuredmedia":[{"embeddable":true,"href":"https:\/\/www.hjertedame.no\/index.php?rest_route=\/wp\/v2\/media\/30"}],"wp:attachment":[{"href":"https:\/\/www.hjertedame.no\/index.php?rest_route=%2Fwp%2Fv2%2Fmedia&parent=33"}],"wp:term":[{"taxonomy":"product_brand","embeddable":true,"href":"https:\/\/www.hjertedame.no\/index.php?rest_route=%2Fwp%2Fv2%2Fproduct_brand&post=33"},{"taxonomy":"product_cat","embeddable":true,"href":"https:\/\/www.hjertedame.no\/index.php?rest_route=%2Fwp%2Fv2%2Fproduct_cat&post=33"},{"taxonomy":"product_tag","embeddable":true,"href":"https:\/\/www.hjertedame.no\/index.php?rest_route=%2Fwp%2Fv2%2Fproduct_tag&post=33"}],"curies":[{"name":"wp","href":"https:\/\/api.w.org\/{rel}","templated":true}]}}