{"id":40,"date":"2024-10-09T22:54:33","date_gmt":"2024-10-09T20:54:33","guid":{"rendered":"https:\/\/www.hjertedame.no\/?post_type=product&#038;p=40"},"modified":"2024-10-09T22:58:34","modified_gmt":"2024-10-09T20:58:34","slug":"liverpool-lue","status":"publish","type":"product","link":"https:\/\/www.hjertedame.no\/?product=liverpool-lue","title":{"rendered":"Liverpool lue"},"content":{"rendered":"<p>Mannen ville ha en enkel Liverpool lue. Bare You&#8217;ll never walk alone, midt i panna. For \u00e5 f\u00e5 det til, m\u00e5tte jeg lage m\u00f8nsteret slik at det ble enkelt, lettstrikket og uten mange lange tr\u00e5der eller maskesting. Og da ble dette resultatet. Jeg ble ganske forn\u00f8yd selv, s\u00e5 jeg laget like godt votter ogs\u00e5. Kunne sikkert laget det med b\u00e5de liverbirds og flammer etc. Men mannen ville ha det enkelt.<\/p>\n","protected":false},"excerpt":{"rendered":"<p>You&#8217;ll Never Walk Alone &#8211; hvis du er Liverpoolsupporter!<\/p>\n","protected":false},"featured_media":38,"comment_status":"open","ping_status":"closed","template":"","meta":[],"product_brand":[],"product_cat":[20],"product_tag":[21],"class_list":{"0":"post-40","1":"product","2":"type-product","3":"status-publish","4":"has-post-thumbnail","6":"product_cat-lue","7":"product_tag-liverpool","9":"first","10":"instock","11":"downloadable","12":"virtual","13":"taxable","14":"purchasable","15":"product-type-simple"},"_links":{"self":[{"href":"https:\/\/www.hjertedame.no\/index.php?rest_route=\/wp\/v2\/product\/40","targetHints":{"allow":["GET"]}}],"collection":[{"href":"https:\/\/www.hjertedame.no\/index.php?rest_route=\/wp\/v2\/product"}],"about":[{"href":"https:\/\/www.hjertedame.no\/index.php?rest_route=\/wp\/v2\/types\/product"}],"replies":[{"embeddable":true,"href":"https:\/\/www.hjertedame.no\/index.php?rest_route=%2Fwp%2Fv2%2Fcomments&post=40"}],"wp:featuredmedia":[{"embeddable":true,"href":"https:\/\/www.hjertedame.no\/index.php?rest_route=\/wp\/v2\/media\/38"}],"wp:attachment":[{"href":"https:\/\/www.hjertedame.no\/index.php?rest_route=%2Fwp%2Fv2%2Fmedia&parent=40"}],"wp:term":[{"taxonomy":"product_brand","embeddable":true,"href":"https:\/\/www.hjertedame.no\/index.php?rest_route=%2Fwp%2Fv2%2Fproduct_brand&post=40"},{"taxonomy":"product_cat","embeddable":true,"href":"https:\/\/www.hjertedame.no\/index.php?rest_route=%2Fwp%2Fv2%2Fproduct_cat&post=40"},{"taxonomy":"product_tag","embeddable":true,"href":"https:\/\/www.hjertedame.no\/index.php?rest_route=%2Fwp%2Fv2%2Fproduct_tag&post=40"}],"curies":[{"name":"wp","href":"https:\/\/api.w.org\/{rel}","templated":true}]}}